{"id":4050,"date":"2017-08-30T13:33:16","date_gmt":"2017-08-30T11:33:16","guid":{"rendered":"http:\/\/immobilien.designferienhaus.com\/?page_id=4050\/"},"modified":"2024-10-15T16:33:18","modified_gmt":"2024-10-15T14:33:18","slug":"home","status":"publish","type":"page","link":"https:\/\/immobilien.designferienhaus.com\/en\/","title":{"rendered":"Home"},"content":{"rendered":"<div class=\"wpb-content-wrapper\"><p>[vc_row el_class=&#8221;abstand-weniger&#8221;][vc_column][vc_column_text]<\/p>\n<h2>Buy luxury Homes in Austria<\/h2>\n<h1>Your design home<\/h1>\n<p>[\/vc_column_text][vc_column_text]<\/p>\n<h5>We offer the following properties for purchase:<\/h5>\n<p>[\/vc_column_text][vc_column_text]We are selling the exclusive Design Home Bauhaus Villa Lake Millstatt Area in Austria. Your unique opportunity to purchase a fully furnished dream home in a wonderful location.[\/vc_column_text][vc_column_text]<\/p>\n<div class=\"\">\n<div class=\"\">\n<div class=\"\">\n<div class=\"\">\n<div class=\"\"><span class=\"\" lang=\"EN-GB\">Fulfill your dream of a design home! Please <\/span><span class=\"\"><a class=\"\" href=\"https:\/\/immobilien.designferienhaus.com\/en\/contact\/\"><span class=\"\" lang=\"EN-GB\">contact us<\/span><\/a><\/span><span class=\"\" lang=\"EN-GB\"> for further details.<\/span><\/div>\n<\/div>\n<\/div>\n<\/div>\n<\/div>\n<p>[\/vc_column_text][\/vc_column][\/vc_row][vc_row el_class=&#8221;hintergrund ausgeblendet&#8221;][vc_column width=&#8221;2\/3&#8243;][vc_single_image image=&#8221;4675&#8243; img_size=&#8221;580&#215;317&#8243; css=&#8221;.vc_custom_1685955453412{margin-bottom: 15px !important;}&#8221;][vc_row_inner el_class=&#8221;bilderraster&#8221;][vc_column_inner el_class=&#8221;bilderraster1&#8243; width=&#8221;1\/2&#8243;][vc_single_image image=&#8221;4989&#8243; img_size=&#8221;278&#215;366&#8243; css=&#8221;.vc_custom_1685955554017{margin-bottom: 0px !important;}&#8221;][\/vc_column_inner][vc_column_inner el_class=&#8221;bilderraster2&#8243; width=&#8221;1\/2&#8243;][vc_single_image image=&#8221;4599&#8243; img_size=&#8221;399&#215;223&#8243; css=&#8221;.vc_custom_1685955500607{margin-bottom: 28px !important;}&#8221;][vc_column_text]<span class=\"button\"><a href=\"https:\/\/immobilien.designferienhaus.com\/?page_id=4991\">Expos\u00e9<\/a><\/span>[\/vc_column_text][\/vc_column_inner][\/vc_row_inner][\/vc_column][vc_column width=&#8221;1\/3&#8243; el_class=&#8221;raster-beschreibung&#8221;][vc_column_text]<\/p>\n<h3>Seaview Mountain Lodge<\/h3>\n<h4>North Croatia<\/h4>\n<p>[\/vc_column_text][vc_separator][vc_row_inner][vc_column_inner width=&#8221;1\/3&#8243;]<div class=\"stats-block stats-top  \"><div class=\"aio-icon-top\"><div class=\"ult-just-icon-wrapper  \"><div class=\"align-icon\" style=\"text-align:center;\">\n<div class=\"aio-icon-img \" style=\"font-size:32px;display:inline-block;\" >\n\t<img decoding=\"async\" class=\"img-icon\" alt=\"Personenanzahl - Designferienhaus\" src=\"https:\/\/immobilien.designferienhaus.com\/wp-content\/uploads\/sites\/4\/personenanzahl-designferienhaus.png\"\/>\n<\/div><\/div><\/div><\/div><div class=\"stats-desc\" id=\"counter-responsv-wrap-1904\"><div id=\"counter_352379406169ee1cb6bc877\" data-id=\"counter_352379406169ee1cb6bc877\"  data-ultimate-target='#counter-responsv-wrap-1904 .stats-number'  data-responsive-json-new='{\"font-size\":\"\",\"line-height\":\"\"}'  class=\"stats-number ult-responsive\" style=\"font-size:28px;  \" data-speed=\"3\" data-counter-value=\"8.2\" data-separator=\",\" data-decimal=\"+\">0<\/div><div id=\"title-counter_352379406169ee1cb6bc877\"  data-ultimate-target='#counter-responsv-wrap-1904 .stats-text'  data-responsive-json-new='{\"font-size\":\"\",\"line-height\":\"\"}'  class=\"stats-text ult-responsive\" style=\"font-size:18px;  \">people<\/div><\/div><\/div>[\/vc_column_inner][vc_column_inner width=&#8221;1\/3&#8243;]<div class=\"stats-block stats-top  \"><div class=\"aio-icon-top\"><div class=\"ult-just-icon-wrapper  \"><div class=\"align-icon\" style=\"text-align:center;\">\n<div class=\"aio-icon-img \" style=\"font-size:65px;display:inline-block;\" >\n\t<img decoding=\"async\" class=\"img-icon\" alt=\"Schlafzimmer - Designferienhaus\" src=\"https:\/\/immobilien.designferienhaus.com\/wp-content\/uploads\/sites\/4\/schlafzimmer-designferienhaus.png\"\/>\n<\/div><\/div><\/div><\/div><div class=\"stats-desc\" id=\"counter-responsv-wrap-7730\"><div id=\"counter_381915879669ee1cb6bcc33\" data-id=\"counter_381915879669ee1cb6bcc33\"  data-ultimate-target='#counter-responsv-wrap-7730 .stats-number'  data-responsive-json-new='{\"font-size\":\"\",\"line-height\":\"\"}'  class=\"stats-number ult-responsive\" style=\"font-size:28px;  \" data-speed=\"3\" data-counter-value=\"5\" data-separator=\",\" data-decimal=\".\">0<\/div><div id=\"title-counter_381915879669ee1cb6bcc33\"  data-ultimate-target='#counter-responsv-wrap-7730 .stats-text'  data-responsive-json-new='{\"font-size\":\"\",\"line-height\":\"\"}'  class=\"stats-text ult-responsive\" style=\"font-size:18px;  \">bedrooms<\/div><\/div><\/div>[\/vc_column_inner][vc_column_inner width=&#8221;1\/3&#8243;]<div class=\"stats-block stats-top  \"><div class=\"aio-icon-top\"><div class=\"ult-just-icon-wrapper  \"><div class=\"align-icon\" style=\"text-align:center;\">\n<div class=\"aio-icon-img \" style=\"font-size:65px;display:inline-block;\" >\n\t<img decoding=\"async\" class=\"img-icon\" alt=\"Gr\u00f6\u00dfe - Designferienhaus\" src=\"https:\/\/immobilien.designferienhaus.com\/wp-content\/uploads\/sites\/4\/groesse-designferienhaus.png\"\/>\n<\/div><\/div><\/div><\/div><div class=\"stats-desc\" id=\"counter-responsv-wrap-6493\"><div id=\"counter_148311975969ee1cb6bcf76\" data-id=\"counter_148311975969ee1cb6bcf76\"  data-ultimate-target='#counter-responsv-wrap-6493 .stats-number'  data-responsive-json-new='{\"font-size\":\"\",\"line-height\":\"\"}'  class=\"stats-number ult-responsive\" style=\"font-size:28px;  \" data-speed=\"3\" data-counter-value=\"280\" data-separator=\",\" data-decimal=\".\">0<\/div><div id=\"title-counter_148311975969ee1cb6bcf76\"  data-ultimate-target='#counter-responsv-wrap-6493 .stats-text'  data-responsive-json-new='{\"font-size\":\"\",\"line-height\":\"\"}'  class=\"stats-text ult-responsive\" style=\"font-size:18px;  \">size<\/div><\/div><\/div>[\/vc_column_inner][\/vc_row_inner][vc_column_text css=&#8221;.vc_custom_1685957146380{margin-bottom: 0px !important;}&#8221;]<\/p>\n<ul>\n<li><strong>Peaceful setting<\/strong> with <strong>panoramic views<\/strong> of the sea as well as the island of Krk<\/li>\n<li><strong>New building<\/strong> with exquisite furniture<\/li>\n<li><strong>Hot Spring outdoor whirlpool<\/strong>, spa area,\u2026<\/li>\n<li>Fully air-conditioned low-energy house<\/li>\n<li><strong>Designer garden<\/strong> with palm trees<\/li>\n<\/ul>\n<p>[\/vc_column_text][\/vc_column][\/vc_row][vc_row el_class=&#8221;hintergrund&#8221;][vc_column width=&#8221;2\/3&#8243;][vc_single_image image=&#8221;4892&#8243; img_size=&#8221;580&#215;317&#8243; css=&#8221;.vc_custom_1673280609335{margin-bottom: 15px !important;}&#8221;][vc_row_inner el_class=&#8221;bilderraster&#8221;][vc_column_inner el_class=&#8221;bilderraster1&#8243; width=&#8221;1\/2&#8243;][vc_single_image image=&#8221;4894&#8243; img_size=&#8221;278&#215;366&#8243; css=&#8221;.vc_custom_1673280620392{margin-bottom: 0px !important;}&#8221;][\/vc_column_inner][vc_column_inner el_class=&#8221;bilderraster2&#8243; width=&#8221;1\/2&#8243;][vc_single_image image=&#8221;4896&#8243; img_size=&#8221;399&#215;223&#8243; css=&#8221;.vc_custom_1673280627526{margin-bottom: 28px !important;}&#8221;][vc_column_text]<span class=\"button\"><a href=\"https:\/\/immobilien.designferienhaus.com\/en\/design-home-carinthia\/\">Expos\u00e9<\/a><\/span>[\/vc_column_text][\/vc_column_inner][\/vc_row_inner][\/vc_column][vc_column width=&#8221;1\/3&#8243; el_class=&#8221;raster-beschreibung&#8221;][vc_single_image image=&#8221;4933&#8243; img_size=&#8221;full&#8221; el_class=&#8221;button-klimatisiert&#8221;][vc_column_text]<\/p>\n<h3>Bauhaus Villa<\/h3>\n<h4>Lake Millstatt Area<\/h4>\n<p>[\/vc_column_text][vc_separator][vc_row_inner][vc_column_inner width=&#8221;1\/3&#8243;]<div class=\"stats-block stats-top  \"><div class=\"aio-icon-top\"><div class=\"ult-just-icon-wrapper  \"><div class=\"align-icon\" style=\"text-align:center;\">\n<div class=\"aio-icon-img \" style=\"font-size:32px;display:inline-block;\" >\n\t<img decoding=\"async\" class=\"img-icon\" alt=\"Personenanzahl - Designferienhaus\" src=\"https:\/\/immobilien.designferienhaus.com\/wp-content\/uploads\/sites\/4\/personenanzahl-designferienhaus.png\"\/>\n<\/div><\/div><\/div><\/div><div class=\"stats-desc\" id=\"counter-responsv-wrap-2399\"><div id=\"counter_23179626769ee1cb6bd0f9\" data-id=\"counter_23179626769ee1cb6bd0f9\"  data-ultimate-target='#counter-responsv-wrap-2399 .stats-number'  data-responsive-json-new='{\"font-size\":\"\",\"line-height\":\"\"}'  class=\"stats-number ult-responsive\" style=\"font-size:28px;  \" data-speed=\"3\" data-counter-value=\"10\" data-separator=\",\" data-decimal=\".\">0<\/div><div id=\"title-counter_23179626769ee1cb6bd0f9\"  data-ultimate-target='#counter-responsv-wrap-2399 .stats-text'  data-responsive-json-new='{\"font-size\":\"\",\"line-height\":\"\"}'  class=\"stats-text ult-responsive\" style=\"font-size:18px;  \">people<\/div><\/div><\/div>[\/vc_column_inner][vc_column_inner width=&#8221;1\/3&#8243;]<div class=\"stats-block stats-top  \"><div class=\"aio-icon-top\"><div class=\"ult-just-icon-wrapper  \"><div class=\"align-icon\" style=\"text-align:center;\">\n<div class=\"aio-icon-img \" style=\"font-size:65px;display:inline-block;\" >\n\t<img decoding=\"async\" class=\"img-icon\" alt=\"Schlafzimmer - Designferienhaus\" src=\"https:\/\/immobilien.designferienhaus.com\/wp-content\/uploads\/sites\/4\/schlafzimmer-designferienhaus.png\"\/>\n<\/div><\/div><\/div><\/div><div class=\"stats-desc\" id=\"counter-responsv-wrap-2062\"><div id=\"counter_350150532569ee1cb6bd286\" data-id=\"counter_350150532569ee1cb6bd286\"  data-ultimate-target='#counter-responsv-wrap-2062 .stats-number'  data-responsive-json-new='{\"font-size\":\"\",\"line-height\":\"\"}'  class=\"stats-number ult-responsive\" style=\"font-size:28px;  \" data-speed=\"3\" data-counter-value=\"5\" data-separator=\",\" data-decimal=\".\">0<\/div><div id=\"title-counter_350150532569ee1cb6bd286\"  data-ultimate-target='#counter-responsv-wrap-2062 .stats-text'  data-responsive-json-new='{\"font-size\":\"\",\"line-height\":\"\"}'  class=\"stats-text ult-responsive\" style=\"font-size:18px;  \">bedrooms<\/div><\/div><\/div>[\/vc_column_inner][vc_column_inner width=&#8221;1\/3&#8243;]<div class=\"stats-block stats-top  \"><div class=\"aio-icon-top\"><div class=\"ult-just-icon-wrapper  \"><div class=\"align-icon\" style=\"text-align:center;\">\n<div class=\"aio-icon-img \" style=\"font-size:65px;display:inline-block;\" >\n\t<img decoding=\"async\" class=\"img-icon\" alt=\"Gr\u00f6\u00dfe - Designferienhaus\" src=\"https:\/\/immobilien.designferienhaus.com\/wp-content\/uploads\/sites\/4\/groesse-designferienhaus.png\"\/>\n<\/div><\/div><\/div><\/div><div class=\"stats-desc\" id=\"counter-responsv-wrap-3154\"><div id=\"counter_320829968369ee1cb6bd3e3\" data-id=\"counter_320829968369ee1cb6bd3e3\"  data-ultimate-target='#counter-responsv-wrap-3154 .stats-number'  data-responsive-json-new='{\"font-size\":\"\",\"line-height\":\"\"}'  class=\"stats-number ult-responsive\" style=\"font-size:28px;  \" data-speed=\"3\" data-counter-value=\"375\" data-separator=\",\" data-decimal=\".\">0<\/div><div id=\"title-counter_320829968369ee1cb6bd3e3\"  data-ultimate-target='#counter-responsv-wrap-3154 .stats-text'  data-responsive-json-new='{\"font-size\":\"\",\"line-height\":\"\"}'  class=\"stats-text ult-responsive\" style=\"font-size:18px;  \">size<\/div><\/div><\/div>[\/vc_column_inner][\/vc_row_inner][vc_column_text css=&#8221;.vc_custom_1673280691931{margin-bottom: 0px !important;}&#8221;]<\/p>\n<ul>\n<li><strong>Dream location<\/strong> in Spittal\/Drau, close to Millst\u00e4tter See<\/li>\n<li><strong>Mediterranem climate<\/strong><\/li>\n<li>Exclusive interior design &amp; top-of-the-line amenities<\/li>\n<li><strong>Name-brand designer furniture<\/strong>, Bulthaup kitchens, designer sauna<\/li>\n<li>Air conditioning in the whole house<\/li>\n<li>8,300 m\u00b2 park-like gardens with <strong>heated 16 m pool<\/strong><\/li>\n<\/ul>\n<p>[\/vc_column_text][\/vc_column][\/vc_row][vc_row el_class=&#8221;hintergrund ausgeblendet&#8221;][vc_column width=&#8221;2\/3&#8243;][vc_single_image image=&#8221;4548&#8243; img_size=&#8221;580&#215;317&#8243; css=&#8221;.vc_custom_1536155263747{margin-bottom: 15px !important;}&#8221;][vc_row_inner el_class=&#8221;bilderraster&#8221;][vc_column_inner el_class=&#8221;bilderraster1&#8243; width=&#8221;1\/2&#8243;][vc_single_image image=&#8221;4520&#8243; img_size=&#8221;278&#215;366&#8243; css=&#8221;.vc_custom_1536212610241{margin-bottom: 0px !important;}&#8221;][\/vc_column_inner][vc_column_inner el_class=&#8221;bilderraster2&#8243; width=&#8221;1\/2&#8243;][vc_single_image image=&#8221;4506&#8243; img_size=&#8221;399&#215;223&#8243; css=&#8221;.vc_custom_1536212629048{margin-bottom: 28px !important;}&#8221;][vc_column_text]<span class=\"button\"><a href=\"https:\/\/immobilien.designferienhaus.com\/en\/?page_id=4240\">Expos\u00e9<\/a><\/span>[\/vc_column_text][\/vc_column_inner][\/vc_row_inner][\/vc_column][vc_column width=&#8221;1\/3&#8243; el_class=&#8221;raster-beschreibung&#8221;][vc_column_text]<\/p>\n<h3>Architektenrundvilla<\/h3>\n<h4>Carinthia<\/h4>\n<p>[\/vc_column_text][vc_separator][vc_row_inner][vc_column_inner width=&#8221;1\/3&#8243;]<div class=\"stats-block stats-top  \"><div class=\"aio-icon-top\"><div class=\"ult-just-icon-wrapper  \"><div class=\"align-icon\" style=\"text-align:center;\">\n<div class=\"aio-icon-img \" style=\"font-size:32px;display:inline-block;\" >\n\t<img decoding=\"async\" class=\"img-icon\" alt=\"Personenanzahl - Designferienhaus\" src=\"https:\/\/immobilien.designferienhaus.com\/wp-content\/uploads\/sites\/4\/personenanzahl-designferienhaus.png\"\/>\n<\/div><\/div><\/div><\/div><div class=\"stats-desc\" id=\"counter-responsv-wrap-1449\"><div id=\"counter_379256104569ee1cb6bd564\" data-id=\"counter_379256104569ee1cb6bd564\"  data-ultimate-target='#counter-responsv-wrap-1449 .stats-number'  data-responsive-json-new='{\"font-size\":\"\",\"line-height\":\"\"}'  class=\"stats-number ult-responsive\" style=\"font-size:28px;  \" data-speed=\"3\" data-counter-value=\"10\" data-separator=\",\" data-decimal=\".\">0<\/div><div id=\"title-counter_379256104569ee1cb6bd564\"  data-ultimate-target='#counter-responsv-wrap-1449 .stats-text'  data-responsive-json-new='{\"font-size\":\"\",\"line-height\":\"\"}'  class=\"stats-text ult-responsive\" style=\"font-size:18px;  \">people<\/div><\/div><\/div>[\/vc_column_inner][vc_column_inner width=&#8221;1\/3&#8243;]<div class=\"stats-block stats-top  \"><div class=\"aio-icon-top\"><div class=\"ult-just-icon-wrapper  \"><div class=\"align-icon\" style=\"text-align:center;\">\n<div class=\"aio-icon-img \" style=\"font-size:65px;display:inline-block;\" >\n\t<img decoding=\"async\" class=\"img-icon\" alt=\"Schlafzimmer - Designferienhaus\" src=\"https:\/\/immobilien.designferienhaus.com\/wp-content\/uploads\/sites\/4\/schlafzimmer-designferienhaus.png\"\/>\n<\/div><\/div><\/div><\/div><div class=\"stats-desc\" id=\"counter-responsv-wrap-6042\"><div id=\"counter_413142595569ee1cb6bd6f3\" data-id=\"counter_413142595569ee1cb6bd6f3\"  data-ultimate-target='#counter-responsv-wrap-6042 .stats-number'  data-responsive-json-new='{\"font-size\":\"\",\"line-height\":\"\"}'  class=\"stats-number ult-responsive\" style=\"font-size:28px;  \" data-speed=\"3\" data-counter-value=\"5\" data-separator=\",\" data-decimal=\".\">0<\/div><div id=\"title-counter_413142595569ee1cb6bd6f3\"  data-ultimate-target='#counter-responsv-wrap-6042 .stats-text'  data-responsive-json-new='{\"font-size\":\"\",\"line-height\":\"\"}'  class=\"stats-text ult-responsive\" style=\"font-size:18px;  \">bedrooms<\/div><\/div><\/div>[\/vc_column_inner][vc_column_inner width=&#8221;1\/3&#8243;]<div class=\"stats-block stats-top  \"><div class=\"aio-icon-top\"><div class=\"ult-just-icon-wrapper  \"><div class=\"align-icon\" style=\"text-align:center;\">\n<div class=\"aio-icon-img \" style=\"font-size:65px;display:inline-block;\" >\n\t<img decoding=\"async\" class=\"img-icon\" alt=\"Gr\u00f6\u00dfe - Designferienhaus\" src=\"https:\/\/immobilien.designferienhaus.com\/wp-content\/uploads\/sites\/4\/groesse-designferienhaus.png\"\/>\n<\/div><\/div><\/div><\/div><div class=\"stats-desc\" id=\"counter-responsv-wrap-6670\"><div id=\"counter_295557363269ee1cb6bd822\" data-id=\"counter_295557363269ee1cb6bd822\"  data-ultimate-target='#counter-responsv-wrap-6670 .stats-number'  data-responsive-json-new='{\"font-size\":\"\",\"line-height\":\"\"}'  class=\"stats-number ult-responsive\" style=\"font-size:28px;  \" data-speed=\"3\" data-counter-value=\"300\" data-separator=\",\" data-decimal=\".\">0<\/div><div id=\"title-counter_295557363269ee1cb6bd822\"  data-ultimate-target='#counter-responsv-wrap-6670 .stats-text'  data-responsive-json-new='{\"font-size\":\"\",\"line-height\":\"\"}'  class=\"stats-text ult-responsive\" style=\"font-size:18px;  \">size<\/div><\/div><\/div>[\/vc_column_inner][\/vc_row_inner][vc_column_text css=&#8221;.vc_custom_1527834079673{margin-bottom: 0px !important;}&#8221;]<\/p>\n<ul>\n<li><strong>Peaceful location<\/strong> in Micheldorf \u2013 100% privacy at the edge of the forest<\/li>\n<li><strong>Building featuring rounded architecture<\/strong> and high ceilings<\/li>\n<li><strong>7,100 m<sup>2<\/sup> atrium-garden<\/strong> with <strong>big, heated outdoor pool<\/strong>, bar &amp; Miele kitchen<\/li>\n<li><strong>Spa area<\/strong> with sauna<\/li>\n<\/ul>\n<p>[\/vc_column_text][\/vc_column][\/vc_row][vc_row el_class=&#8221;hintergrund ausgeblendet&#8221;][vc_column width=&#8221;2\/3&#8243;][vc_single_image image=&#8221;4675&#8243; img_size=&#8221;580&#215;317&#8243; css=&#8221;.vc_custom_1536212672490{margin-bottom: 15px !important;}&#8221;][vc_row_inner el_class=&#8221;bilderraster&#8221;][vc_column_inner el_class=&#8221;bilderraster1&#8243; width=&#8221;1\/2&#8243;][vc_single_image image=&#8221;4583&#8243; img_size=&#8221;278&#215;366&#8243; css=&#8221;.vc_custom_1536212695221{margin-bottom: 0px !important;}&#8221;][\/vc_column_inner][vc_column_inner el_class=&#8221;bilderraster2&#8243; width=&#8221;1\/2&#8243;][vc_single_image image=&#8221;4629&#8243; img_size=&#8221;399&#215;223&#8243; css=&#8221;.vc_custom_1536212732792{margin-bottom: 28px !important;}&#8221;][vc_column_text]<span class=\"button\"><a href=\"https:\/\/immobilien.designferienhaus.com\/en\/?page_id=4467\">Expos\u00e9<\/a><\/span>[\/vc_column_text][\/vc_column_inner][\/vc_row_inner][\/vc_column][vc_column width=&#8221;1\/3&#8243; el_class=&#8221;raster-beschreibung&#8221;][vc_column_text]<\/p>\n<h3>Mountain Villa<\/h3>\n<h4>Kvarner Bay<\/h4>\n<p>[\/vc_column_text][vc_separator][vc_row_inner][vc_column_inner width=&#8221;1\/3&#8243;]<div class=\"stats-block stats-top  \"><div class=\"aio-icon-top\"><div class=\"ult-just-icon-wrapper  \"><div class=\"align-icon\" style=\"text-align:center;\">\n<div class=\"aio-icon-img \" style=\"font-size:32px;display:inline-block;\" >\n\t<img decoding=\"async\" class=\"img-icon\" alt=\"Personenanzahl - Designferienhaus\" src=\"https:\/\/immobilien.designferienhaus.com\/wp-content\/uploads\/sites\/4\/personenanzahl-designferienhaus.png\"\/>\n<\/div><\/div><\/div><\/div><div class=\"stats-desc\" id=\"counter-responsv-wrap-5481\"><div id=\"counter_31332833069ee1cb6bd951\" data-id=\"counter_31332833069ee1cb6bd951\"  data-ultimate-target='#counter-responsv-wrap-5481 .stats-number'  data-responsive-json-new='{\"font-size\":\"\",\"line-height\":\"\"}'  class=\"stats-number ult-responsive\" style=\"font-size:28px;  \" data-speed=\"3\" data-counter-value=\"8.2\" data-separator=\",\" data-decimal=\"+\">0<\/div><div id=\"title-counter_31332833069ee1cb6bd951\"  data-ultimate-target='#counter-responsv-wrap-5481 .stats-text'  data-responsive-json-new='{\"font-size\":\"\",\"line-height\":\"\"}'  class=\"stats-text ult-responsive\" style=\"font-size:18px;  \">people<\/div><\/div><\/div>[\/vc_column_inner][vc_column_inner width=&#8221;1\/3&#8243;]<div class=\"stats-block stats-top  \"><div class=\"aio-icon-top\"><div class=\"ult-just-icon-wrapper  \"><div class=\"align-icon\" style=\"text-align:center;\">\n<div class=\"aio-icon-img \" style=\"font-size:65px;display:inline-block;\" >\n\t<img decoding=\"async\" class=\"img-icon\" alt=\"Schlafzimmer - Designferienhaus\" src=\"https:\/\/immobilien.designferienhaus.com\/wp-content\/uploads\/sites\/4\/schlafzimmer-designferienhaus.png\"\/>\n<\/div><\/div><\/div><\/div><div class=\"stats-desc\" id=\"counter-responsv-wrap-9911\"><div id=\"counter_201214157569ee1cb6bdaa4\" data-id=\"counter_201214157569ee1cb6bdaa4\"  data-ultimate-target='#counter-responsv-wrap-9911 .stats-number'  data-responsive-json-new='{\"font-size\":\"\",\"line-height\":\"\"}'  class=\"stats-number ult-responsive\" style=\"font-size:28px;  \" data-speed=\"3\" data-counter-value=\"5\" data-separator=\",\" data-decimal=\".\">0<\/div><div id=\"title-counter_201214157569ee1cb6bdaa4\"  data-ultimate-target='#counter-responsv-wrap-9911 .stats-text'  data-responsive-json-new='{\"font-size\":\"\",\"line-height\":\"\"}'  class=\"stats-text ult-responsive\" style=\"font-size:18px;  \">bedrooms<\/div><\/div><\/div>[\/vc_column_inner][vc_column_inner width=&#8221;1\/3&#8243;]<div class=\"stats-block stats-top  \"><div class=\"aio-icon-top\"><div class=\"ult-just-icon-wrapper  \"><div class=\"align-icon\" style=\"text-align:center;\">\n<div class=\"aio-icon-img \" style=\"font-size:65px;display:inline-block;\" >\n\t<img decoding=\"async\" class=\"img-icon\" alt=\"Gr\u00f6\u00dfe - Designferienhaus\" src=\"https:\/\/immobilien.designferienhaus.com\/wp-content\/uploads\/sites\/4\/groesse-designferienhaus.png\"\/>\n<\/div><\/div><\/div><\/div><div class=\"stats-desc\" id=\"counter-responsv-wrap-9865\"><div id=\"counter_266221634869ee1cb6bdbf0\" data-id=\"counter_266221634869ee1cb6bdbf0\"  data-ultimate-target='#counter-responsv-wrap-9865 .stats-number'  data-responsive-json-new='{\"font-size\":\"\",\"line-height\":\"\"}'  class=\"stats-number ult-responsive\" style=\"font-size:28px;  \" data-speed=\"3\" data-counter-value=\"280\" data-separator=\",\" data-decimal=\".\">0<\/div><div id=\"title-counter_266221634869ee1cb6bdbf0\"  data-ultimate-target='#counter-responsv-wrap-9865 .stats-text'  data-responsive-json-new='{\"font-size\":\"\",\"line-height\":\"\"}'  class=\"stats-text ult-responsive\" style=\"font-size:18px;  \">size<\/div><\/div><\/div>[\/vc_column_inner][\/vc_row_inner][vc_column_text css=&#8221;.vc_custom_1527833444195{margin-bottom: 0px !important;}&#8221;]<\/p>\n<ul>\n<li><strong>Peaceful setting<\/strong> with <strong>panoramic views<\/strong> of the sea as well as the island of Krk<\/li>\n<li><strong>New building<\/strong> with exquisite furniture<\/li>\n<li><strong>Hot Spring outdoor whirlpool<\/strong>, spa area,\u2026<\/li>\n<li>Fully air-conditioned low-energy house<\/li>\n<li><strong>Designer garden<\/strong> with palm trees<\/li>\n<\/ul>\n<p>[\/vc_column_text][\/vc_column][\/vc_row][vc_row bg_type=&#8221;image&#8221; parallax_style=&#8221;vcpb-default&#8221; bg_image_new=&#8221;id^53|url^https:\/\/www.designferienhaus.com\/wp-content\/uploads\/parallax-designferienhaus-oesterreich.jpg|caption^null|alt^Parallax &#8211; Designferienh\u00e4user \u00d6sterreich|title^Parallax &#8211; Designferienh\u00e4user \u00d6sterreich|description^null&#8221; bg_image_repeat=&#8221;no-repeat&#8221; bg_img_attach=&#8221;fixed&#8221; enable_overlay=&#8221;enable_overlay_value&#8221; overlay_color=&#8221;rgba(0,0,0,0.5)&#8221; el_class=&#8221;parallax&#8221;][vc_column][vc_column_text]<\/p>\n<h5 style=\"text-align: center;\">\u201cA house is built with hands,<br \/>\n<strong>but a home is built with the heart<\/strong>.\u201d<\/h5>\n<p style=\"text-align: center;\">Anonymous<\/p>\n<p>[\/vc_column_text][\/vc_column][\/vc_row]<\/p>\n<\/div>","protected":false},"excerpt":{"rendered":"<p>[vc_row el_class=&#8221;abstand-weniger&#8221;][vc_column][vc_column_text] Buy luxury Homes in Austria Your design home [\/vc_column_text][vc_column_text] We offer the following properties for purchase: [\/vc_column_text][vc_column_text]We are selling the exclusive Design Home Bauhaus Villa Lake Millstatt Area in Austria. Your unique opportunity to purchase a fully furnished dream home in a wonderful location.[\/vc_column_text][vc_column_text] Fulfill your dream of a design home! Please contact &hellip;<\/p>\n\n<p><a class=\"readmore btn btn-default btn-default btn-block\" href=\"https:\/\/immobilien.designferienhaus.com\/en\/\">Read More<\/a><\/p>","protected":false},"author":1,"featured_media":0,"parent":0,"menu_order":2,"comment_status":"closed","ping_status":"closed","template":"page-startseite.php","meta":{"_acf_changed":false,"footnotes":""},"class_list":["post-4050","page","type-page","status-publish","hentry"],"acf":[],"_links":{"self":[{"href":"https:\/\/immobilien.designferienhaus.com\/en\/wp-json\/wp\/v2\/pages\/4050","targetHints":{"allow":["GET"]}}],"collection":[{"href":"https:\/\/immobilien.designferienhaus.com\/en\/wp-json\/wp\/v2\/pages"}],"about":[{"href":"https:\/\/immobilien.designferienhaus.com\/en\/wp-json\/wp\/v2\/types\/page"}],"author":[{"embeddable":true,"href":"https:\/\/immobilien.designferienhaus.com\/en\/wp-json\/wp\/v2\/users\/1"}],"replies":[{"embeddable":true,"href":"https:\/\/immobilien.designferienhaus.com\/en\/wp-json\/wp\/v2\/comments?post=4050"}],"version-history":[{"count":10,"href":"https:\/\/immobilien.designferienhaus.com\/en\/wp-json\/wp\/v2\/pages\/4050\/revisions"}],"predecessor-version":[{"id":5257,"href":"https:\/\/immobilien.designferienhaus.com\/en\/wp-json\/wp\/v2\/pages\/4050\/revisions\/5257"}],"wp:attachment":[{"href":"https:\/\/immobilien.designferienhaus.com\/en\/wp-json\/wp\/v2\/media?parent=4050"}],"curies":[{"name":"wp","href":"https:\/\/api.w.org\/{rel}","templated":true}]}}